{"id":150,"date":"2025-03-05T17:33:19","date_gmt":"2025-03-05T16:33:19","guid":{"rendered":"https:\/\/radegard.com\/?page_id=150"},"modified":"2025-05-03T13:33:49","modified_gmt":"2025-05-03T12:33:49","slug":"kontakt","status":"publish","type":"page","link":"https:\/\/radegard.com\/index.php\/kontakt\/","title":{"rendered":"Kontakt"},"content":{"rendered":"\n<div class=\"wp-block-media-text is-stacked-on-mobile\"><figure class=\"wp-block-media-text__media\"><img loading=\"lazy\" decoding=\"async\" width=\"1024\" height=\"782\" src=\"https:\/\/radegard.com\/\/wp-content\/uploads\/2025\/04\/WhatsApp-Image-2025-04-30-at-07.17.09-1-1024x782.jpeg\" alt=\"\" class=\"wp-image-385 size-full\" srcset=\"https:\/\/radegard.com\/wp-content\/uploads\/2025\/04\/WhatsApp-Image-2025-04-30-at-07.17.09-1-1024x782.jpeg 1024w, https:\/\/radegard.com\/wp-content\/uploads\/2025\/04\/WhatsApp-Image-2025-04-30-at-07.17.09-1-300x229.jpeg 300w, https:\/\/radegard.com\/wp-content\/uploads\/2025\/04\/WhatsApp-Image-2025-04-30-at-07.17.09-1-768x587.jpeg 768w, https:\/\/radegard.com\/wp-content\/uploads\/2025\/04\/WhatsApp-Image-2025-04-30-at-07.17.09-1-1536x1173.jpeg 1536w, https:\/\/radegard.com\/wp-content\/uploads\/2025\/04\/WhatsApp-Image-2025-04-30-at-07.17.09-1.jpeg 1600w\" sizes=\"auto, (max-width: 1024px) 100vw, 1024px\" \/><\/figure><div class=\"wp-block-media-text__content\">\n<p>Skontaktuj si\u0119 z nami<\/p>\n\n\n\n<p>Masz pytania dotycz\u0105ce naszych produkt\u00f3w lub chcesz z\u0142o\u017cy\u0107 indywidualne zam\u00f3wienie? Jeste\u015bmy do Twojej dyspozycji! Zesp\u00f3\u0142 RADEGARD ch\u0119tnie doradzi, pomo\u017ce w wyborze najlepszego rozwi\u0105zania i odpowie na wszystkie Twoje pytania.<\/p>\n\n\n\n<p>Mo\u017cesz si\u0119 z nami skontaktowa\u0107 w dogodny dla Ciebie spos\u00f3b:<\/p>\n\n\n\n<p>\ud83d\udce7 <strong>E-mail:<\/strong> <a class=\"\">kontakt@radegard.com<\/a><br>\ud83d\udcde <strong>Telefon:<\/strong> +48 697 779 462<br><\/p>\n\n\n\n<p>Dzia\u0142amy od poniedzia\u0142ku do pi\u0105tku w godzinach 7:00\u201315:00.<\/p>\n\n\n\n<p><strong>Nie czekaj \u2014 napisz do nas i poznaj mo\u017cliwo\u015bci, jakie daje wsp\u00f3\u0142praca z RADEGARD.<\/strong><\/p>\n<\/div><\/div>\n","protected":false},"excerpt":{"rendered":"<p>Skontaktuj si\u0119 z nami Masz pytania dotycz\u0105ce naszych produkt\u00f3w lub chcesz z\u0142o\u017cy\u0107 indywidualne zam\u00f3wienie? Jeste\u015bmy do Twojej dyspozycji! Zesp\u00f3\u0142 RADEGARD ch\u0119tnie doradzi, pomo\u017ce w wyborze najlepszego rozwi\u0105zania i odpowie na wszystkie Twoje pytania. Mo\u017cesz si\u0119 z nami skontaktowa\u0107 w dogodny dla Ciebie spos\u00f3b: \ud83d\udce7 E-mail: kontakt@radegard.com\ud83d\udcde Telefon: +48 697 779 462 Dzia\u0142amy od poniedzia\u0142ku do [&hellip;]<\/p>\n","protected":false},"author":1,"featured_media":0,"parent":0,"menu_order":0,"comment_status":"closed","ping_status":"closed","template":"","meta":{"footnotes":""},"class_list":["post-150","page","type-page","status-publish","czr-hentry"],"_links":{"self":[{"href":"https:\/\/radegard.com\/index.php\/wp-json\/wp\/v2\/pages\/150","targetHints":{"allow":["GET"]}}],"collection":[{"href":"https:\/\/radegard.com\/index.php\/wp-json\/wp\/v2\/pages"}],"about":[{"href":"https:\/\/radegard.com\/index.php\/wp-json\/wp\/v2\/types\/page"}],"author":[{"embeddable":true,"href":"https:\/\/radegard.com\/index.php\/wp-json\/wp\/v2\/users\/1"}],"replies":[{"embeddable":true,"href":"https:\/\/radegard.com\/index.php\/wp-json\/wp\/v2\/comments?post=150"}],"version-history":[{"count":10,"href":"https:\/\/radegard.com\/index.php\/wp-json\/wp\/v2\/pages\/150\/revisions"}],"predecessor-version":[{"id":402,"href":"https:\/\/radegard.com\/index.php\/wp-json\/wp\/v2\/pages\/150\/revisions\/402"}],"wp:attachment":[{"href":"https:\/\/radegard.com\/index.php\/wp-json\/wp\/v2\/media?parent=150"}],"curies":[{"name":"wp","href":"https:\/\/api.w.org\/{rel}","templated":true}]}}