{"id":236,"date":"2025-03-13T20:52:10","date_gmt":"2025-03-13T19:52:10","guid":{"rendered":"https:\/\/radegard.com\/www\/?page_id=236"},"modified":"2025-05-03T14:31:08","modified_gmt":"2025-05-03T13:31:08","slug":"236-2","status":"publish","type":"page","link":"https:\/\/radegard.com\/index.php\/236-2\/","title":{"rendered":"O firmie"},"content":{"rendered":"\n<div class=\"wp-block-media-text is-stacked-on-mobile\"><figure class=\"wp-block-media-text__media\"><img loading=\"lazy\" decoding=\"async\" width=\"1024\" height=\"782\" src=\"https:\/\/radegard.com\/\/wp-content\/uploads\/2025\/04\/WhatsApp-Image-2025-04-30-at-07.17.09-1024x782.jpeg\" alt=\"RADEGARD logo\" class=\"wp-image-357 size-full\" srcset=\"https:\/\/radegard.com\/wp-content\/uploads\/2025\/04\/WhatsApp-Image-2025-04-30-at-07.17.09-1024x782.jpeg 1024w, https:\/\/radegard.com\/wp-content\/uploads\/2025\/04\/WhatsApp-Image-2025-04-30-at-07.17.09-300x229.jpeg 300w, https:\/\/radegard.com\/wp-content\/uploads\/2025\/04\/WhatsApp-Image-2025-04-30-at-07.17.09-768x587.jpeg 768w, https:\/\/radegard.com\/wp-content\/uploads\/2025\/04\/WhatsApp-Image-2025-04-30-at-07.17.09-1536x1173.jpeg 1536w, https:\/\/radegard.com\/wp-content\/uploads\/2025\/04\/WhatsApp-Image-2025-04-30-at-07.17.09.jpeg 1600w\" sizes=\"auto, (max-width: 1024px) 100vw, 1024px\" \/><\/figure><div class=\"wp-block-media-text__content\">\n<p><\/p>\n\n\n\n<p>Firma <strong>RADEGARD<\/strong> to Tw\u00f3j niezawodny i sprawdzony partner w dziedzinie ogrodnictwa oraz piel\u0119gnacji teren\u00f3w zielonych. Od pocz\u0105tku naszej dzia\u0142alno\u015bci stawiamy na innowacyjno\u015b\u0107, wprowadzaj\u0105c nowoczesne rozwi\u0105zania technologiczne, kt\u00f3re wyznaczaj\u0105 nowe standardy w piel\u0119gnacji ogrod\u00f3w i trawnik\u00f3w. Nasz\u0105 misj\u0105 jest wspieranie zar\u00f3wno profesjonalist\u00f3w, jak i klient\u00f3w indywidualnych w osi\u0105ganiu perfekcyjnych efekt\u00f3w pracy \u2013 szybciej, dok\u0142adniej i wygodniej.<\/p>\n\n\n\n<p>Wieloletnie do\u015bwiadczenie zdobyte we wsp\u00f3\u0142pracy z firmami komunalnymi pozwoli\u0142o nam opracowa\u0107 produkty odporne na intensywne u\u017cytkowanie i trudne warunki pracy. Teraz te same, sprawdzone rozwi\u0105zania oferujemy r\u00f3wnie\u017c klientom indywidualnym, dbaj\u0105c o to, by ka\u017cdy m\u00f3g\u0142 skorzysta\u0107 z profesjonalnych narz\u0119dzi i akcesori\u00f3w najwy\u017cszej jako\u015bci.<\/p>\n\n\n\n<p>Nasze produkty wyr\u00f3\u017cniaj\u0105 si\u0119 solidno\u015bci\u0105 wykonania, trwa\u0142o\u015bci\u0105 materia\u0142\u00f3w oraz zastosowaniem przemy\u015blanych, innowacyjnych rozwi\u0105za\u0144 technicznych. Dzi\u0119ki nim prace ogrodowe staj\u0105 si\u0119 nie tylko bardziej efektywne, ale tak\u017ce znacznie prostsze i przyjemniejsze.<\/p>\n\n\n\n<p>Specjalizujemy si\u0119 w produkcji element\u00f3w wyposa\u017cenia traktork\u00f3w komunalnych i ogrodowych, realizowanych pod indywidualne zam\u00f3wienia. Ka\u017cdy projekt traktujemy z najwy\u017csz\u0105 staranno\u015bci\u0105, dostosowuj\u0105c rozwi\u0105zania do konkretnych potrzeb naszych klient\u00f3w.<\/p>\n\n\n\n<p>Zach\u0119camy do zapoznania si\u0119 z nasz\u0105 ofert\u0105 oraz do kontaktu. Ch\u0119tnie odpowiemy na wszystkie pytania i pomo\u017cemy dobra\u0107 odpowiednie rozwi\u0105zania.<\/p>\n\n\n\n<p>\ud83d\udce9 <strong><a class=\"\">kontakt@radegard.com<\/a><\/strong><\/p>\n\n\n\n<p><\/p>\n<\/div><\/div>\n\n\n\n<p><\/p>\n","protected":false},"excerpt":{"rendered":"<p>Firma RADEGARD to Tw\u00f3j niezawodny i sprawdzony partner w dziedzinie ogrodnictwa oraz piel\u0119gnacji teren\u00f3w zielonych. Od pocz\u0105tku naszej dzia\u0142alno\u015bci stawiamy na innowacyjno\u015b\u0107, wprowadzaj\u0105c nowoczesne rozwi\u0105zania technologiczne, kt\u00f3re wyznaczaj\u0105 nowe standardy w piel\u0119gnacji ogrod\u00f3w i trawnik\u00f3w. Nasz\u0105 misj\u0105 jest wspieranie zar\u00f3wno profesjonalist\u00f3w, jak i klient\u00f3w indywidualnych w osi\u0105ganiu perfekcyjnych efekt\u00f3w pracy \u2013 szybciej, dok\u0142adniej i wygodniej. [&hellip;]<\/p>\n","protected":false},"author":1,"featured_media":0,"parent":0,"menu_order":1,"comment_status":"closed","ping_status":"closed","template":"","meta":{"footnotes":""},"class_list":["post-236","page","type-page","status-publish","czr-hentry"],"_links":{"self":[{"href":"https:\/\/radegard.com\/index.php\/wp-json\/wp\/v2\/pages\/236","targetHints":{"allow":["GET"]}}],"collection":[{"href":"https:\/\/radegard.com\/index.php\/wp-json\/wp\/v2\/pages"}],"about":[{"href":"https:\/\/radegard.com\/index.php\/wp-json\/wp\/v2\/types\/page"}],"author":[{"embeddable":true,"href":"https:\/\/radegard.com\/index.php\/wp-json\/wp\/v2\/users\/1"}],"replies":[{"embeddable":true,"href":"https:\/\/radegard.com\/index.php\/wp-json\/wp\/v2\/comments?post=236"}],"version-history":[{"count":29,"href":"https:\/\/radegard.com\/index.php\/wp-json\/wp\/v2\/pages\/236\/revisions"}],"predecessor-version":[{"id":408,"href":"https:\/\/radegard.com\/index.php\/wp-json\/wp\/v2\/pages\/236\/revisions\/408"}],"wp:attachment":[{"href":"https:\/\/radegard.com\/index.php\/wp-json\/wp\/v2\/media?parent=236"}],"curies":[{"name":"wp","href":"https:\/\/api.w.org\/{rel}","templated":true}]}}