{"id":62,"date":"2025-03-04T09:22:51","date_gmt":"2025-03-04T08:22:51","guid":{"rendered":"https:\/\/radegard.com\/?page_id=62"},"modified":"2025-03-05T16:57:57","modified_gmt":"2025-03-05T15:57:57","slug":"sekcja-strony-glownej","status":"publish","type":"page","link":"https:\/\/radegard.com\/index.php\/oferta\/sekcja-strony-glownej\/","title":{"rendered":"Sekcja strony g\u0142\u00f3wnej"},"content":{"rendered":"\n<p>To jest przyk\u0142ad sekcji strony g\u0142\u00f3wnej. Sekcja ta mo\u017ce by\u0107 na dowolnej stronie opr\u00f3cz strony g\u0142\u00f3wnej, w\u0142\u0105czaj\u0105c to stron\u0119 prezentuj\u0105c\u0105 ostatnie wpisy.<\/p>\n","protected":false},"excerpt":{"rendered":"<p>To jest przyk\u0142ad sekcji strony g\u0142\u00f3wnej. Sekcja ta mo\u017ce by\u0107 na dowolnej stronie opr\u00f3cz strony g\u0142\u00f3wnej, w\u0142\u0105czaj\u0105c to stron\u0119 prezentuj\u0105c\u0105 ostatnie wpisy.<\/p>\n","protected":false},"author":1,"featured_media":0,"parent":95,"menu_order":0,"comment_status":"closed","ping_status":"closed","template":"","meta":{"footnotes":""},"class_list":["post-62","page","type-page","status-publish","czr-hentry"],"_links":{"self":[{"href":"https:\/\/radegard.com\/index.php\/wp-json\/wp\/v2\/pages\/62","targetHints":{"allow":["GET"]}}],"collection":[{"href":"https:\/\/radegard.com\/index.php\/wp-json\/wp\/v2\/pages"}],"about":[{"href":"https:\/\/radegard.com\/index.php\/wp-json\/wp\/v2\/types\/page"}],"author":[{"embeddable":true,"href":"https:\/\/radegard.com\/index.php\/wp-json\/wp\/v2\/users\/1"}],"replies":[{"embeddable":true,"href":"https:\/\/radegard.com\/index.php\/wp-json\/wp\/v2\/comments?post=62"}],"version-history":[{"count":1,"href":"https:\/\/radegard.com\/index.php\/wp-json\/wp\/v2\/pages\/62\/revisions"}],"predecessor-version":[{"id":68,"href":"https:\/\/radegard.com\/index.php\/wp-json\/wp\/v2\/pages\/62\/revisions\/68"}],"up":[{"embeddable":true,"href":"https:\/\/radegard.com\/index.php\/wp-json\/wp\/v2\/pages\/95"}],"wp:attachment":[{"href":"https:\/\/radegard.com\/index.php\/wp-json\/wp\/v2\/media?parent=62"}],"curies":[{"name":"wp","href":"https:\/\/api.w.org\/{rel}","templated":true}]}}