{"id":95,"date":"2025-03-04T19:04:47","date_gmt":"2025-03-04T18:04:47","guid":{"rendered":"https:\/\/radegard.com\/?page_id=95"},"modified":"2025-05-19T06:44:06","modified_gmt":"2025-05-19T05:44:06","slug":"oferta","status":"publish","type":"page","link":"https:\/\/radegard.com\/index.php\/oferta\/","title":{"rendered":"Oferta"},"content":{"rendered":"\n<div class=\"wp-block-group\"><div class=\"wp-block-group__inner-container is-layout-constrained wp-block-group-is-layout-constrained\">\n<details class=\"wp-block-details is-layout-flow wp-block-details-is-layout-flow\"><summary>No\u017ce kosz\u0105ce RADEGARD<\/summary>\n<div class=\"wp-block-media-text is-stacked-on-mobile\" style=\"grid-template-columns:49% auto\"><figure class=\"wp-block-media-text__media\"><img loading=\"lazy\" decoding=\"async\" width=\"826\" height=\"1024\" src=\"https:\/\/radegard.com\/\/wp-content\/uploads\/2025\/04\/WhatsApp-Image-2025-04-18-at-09.22.20-826x1024.jpeg\" alt=\"\" class=\"wp-image-316 size-full\" srcset=\"https:\/\/radegard.com\/wp-content\/uploads\/2025\/04\/WhatsApp-Image-2025-04-18-at-09.22.20-826x1024.jpeg 826w, https:\/\/radegard.com\/wp-content\/uploads\/2025\/04\/WhatsApp-Image-2025-04-18-at-09.22.20-242x300.jpeg 242w, https:\/\/radegard.com\/wp-content\/uploads\/2025\/04\/WhatsApp-Image-2025-04-18-at-09.22.20-768x952.jpeg 768w, https:\/\/radegard.com\/wp-content\/uploads\/2025\/04\/WhatsApp-Image-2025-04-18-at-09.22.20-1239x1536.jpeg 1239w, https:\/\/radegard.com\/wp-content\/uploads\/2025\/04\/WhatsApp-Image-2025-04-18-at-09.22.20.jpeg 1291w\" sizes=\"auto, (max-width: 826px) 100vw, 826px\" \/><\/figure><div class=\"wp-block-media-text__content\">\n<p><strong>N\u00f3\u017c z wymiennymi ostrzami 360 <\/strong><\/p>\n\n\n\n<p><br>Profesjonalny n\u00f3\u017c ogrodniczy z systemem wymiennych ostrzy, idealny do precyzyjnych prac piel\u0119gnacyjnych i konserwacyjnych. Solidna konstrukcja,  i szybka wymiana ostrzy sprawiaj\u0105, \u017ce jest niezast\u0105pionym narz\u0119dziem zar\u00f3wno dla profesjonalist\u00f3w, jak i hobbyst\u00f3w.<\/p>\n\n\n\n<p>N\u00f3\u017c z wymiennymi ostrzami, wyposa\u017cony w mechanizm obrotu 360\u00b0, kt\u00f3ry umo\u017cliwia odchylenie przy uderzeniu w przeszkod\u0119 \u2014 dzi\u0119ki temu ostrze wolniej si\u0119 zu\u017cywa i jest lepiej chronione przed uszkodzeniami.<\/p>\n\n\n\n<figure class=\"wp-block-video\"><video height=\"1280\" style=\"aspect-ratio: 720 \/ 1280;\" width=\"720\" controls src=\"https:\/\/radegard.com\/www\/wp-content\/uploads\/2025\/05\/noz-360-video-2.mp4\"><\/video><\/figure>\n\n\n\n<figure class=\"wp-block-gallery has-nested-images columns-default is-cropped wp-block-gallery-1 is-layout-flex wp-block-gallery-is-layout-flex\">\n<figure class=\"wp-block-image size-large\"><img loading=\"lazy\" decoding=\"async\" width=\"478\" height=\"1024\" data-id=\"421\" src=\"https:\/\/radegard.com\/www\/wp-content\/uploads\/2025\/05\/noz-360-JD2-478x1024.jpeg\" alt=\"\" class=\"wp-image-421\" srcset=\"https:\/\/radegard.com\/wp-content\/uploads\/2025\/05\/noz-360-JD2-478x1024.jpeg 478w, https:\/\/radegard.com\/wp-content\/uploads\/2025\/05\/noz-360-JD2-140x300.jpeg 140w, https:\/\/radegard.com\/wp-content\/uploads\/2025\/05\/noz-360-JD2-717x1536.jpeg 717w, https:\/\/radegard.com\/wp-content\/uploads\/2025\/05\/noz-360-JD2.jpeg 747w\" sizes=\"auto, (max-width: 478px) 100vw, 478px\" \/><\/figure>\n\n\n\n<figure class=\"wp-block-image size-large\"><img loading=\"lazy\" decoding=\"async\" width=\"478\" height=\"1024\" data-id=\"426\" src=\"https:\/\/radegard.com\/www\/wp-content\/uploads\/2025\/05\/noz-360-JD-1-478x1024.jpeg\" alt=\"\" class=\"wp-image-426\" srcset=\"https:\/\/radegard.com\/wp-content\/uploads\/2025\/05\/noz-360-JD-1-478x1024.jpeg 478w, https:\/\/radegard.com\/wp-content\/uploads\/2025\/05\/noz-360-JD-1-140x300.jpeg 140w, https:\/\/radegard.com\/wp-content\/uploads\/2025\/05\/noz-360-JD-1-717x1536.jpeg 717w, https:\/\/radegard.com\/wp-content\/uploads\/2025\/05\/noz-360-JD-1.jpeg 747w\" sizes=\"auto, (max-width: 478px) 100vw, 478px\" \/><\/figure>\n\n\n\n<figure class=\"wp-block-image size-large\"><img loading=\"lazy\" decoding=\"async\" width=\"478\" height=\"1024\" data-id=\"428\" src=\"https:\/\/radegard.com\/www\/wp-content\/uploads\/2025\/05\/noz-360-JD1-1-478x1024.jpeg\" alt=\"\" class=\"wp-image-428\" srcset=\"https:\/\/radegard.com\/wp-content\/uploads\/2025\/05\/noz-360-JD1-1-478x1024.jpeg 478w, https:\/\/radegard.com\/wp-content\/uploads\/2025\/05\/noz-360-JD1-1-140x300.jpeg 140w, https:\/\/radegard.com\/wp-content\/uploads\/2025\/05\/noz-360-JD1-1-717x1536.jpeg 717w, https:\/\/radegard.com\/wp-content\/uploads\/2025\/05\/noz-360-JD1-1.jpeg 747w\" sizes=\"auto, (max-width: 478px) 100vw, 478px\" \/><\/figure>\n<\/figure>\n\n\n\n<details class=\"wp-block-details is-layout-flow wp-block-details-is-layout-flow\"><summary>Instrukcja monta\u017cu i obs\u0142ugi<\/summary>\n<p><\/p>\n\n\n\n<div data-wp-interactive=\"core\/file\" class=\"wp-block-file\"><object data-wp-bind--hidden=\"!state.hasPdfPreview\" hidden class=\"wp-block-file__embed\" data=\"https:\/\/radegard.com\/\/wp-content\/uploads\/2025\/04\/Radegard-instrukcja-noza.pdf\" type=\"application\/pdf\" style=\"width:100%;height:600px\" aria-label=\"Osadzone z Radegard instrukcja no\u017ca.\"><\/object><a id=\"wp-block-file--media-75bf51ea-0710-440e-b59b-a6db2a67718b\" href=\"https:\/\/radegard.com\/\/wp-content\/uploads\/2025\/04\/Radegard-instrukcja-noza.pdf\">Radegard instrukcja no\u017ca<\/a><a href=\"https:\/\/radegard.com\/\/wp-content\/uploads\/2025\/04\/Radegard-instrukcja-noza.pdf\" class=\"wp-block-file__button wp-element-button\" download aria-describedby=\"wp-block-file--media-75bf51ea-0710-440e-b59b-a6db2a67718b\">Pobierz<\/a><\/div>\n<\/details>\n<\/div><\/div>\n\n\n\n<div class=\"wp-block-media-text is-stacked-on-mobile\"><figure class=\"wp-block-media-text__media\"><img loading=\"lazy\" decoding=\"async\" width=\"793\" height=\"1024\" src=\"https:\/\/radegard.com\/\/wp-content\/uploads\/2025\/04\/WhatsApp-Image-2025-03-13-at-19.26.22-2-793x1024.jpeg\" alt=\"N\u00f3\u017c samoostrz\u0105cy\" class=\"wp-image-341 size-full\" srcset=\"https:\/\/radegard.com\/wp-content\/uploads\/2025\/04\/WhatsApp-Image-2025-03-13-at-19.26.22-2-793x1024.jpeg 793w, https:\/\/radegard.com\/wp-content\/uploads\/2025\/04\/WhatsApp-Image-2025-03-13-at-19.26.22-2-232x300.jpeg 232w, https:\/\/radegard.com\/wp-content\/uploads\/2025\/04\/WhatsApp-Image-2025-03-13-at-19.26.22-2-768x992.jpeg 768w, https:\/\/radegard.com\/wp-content\/uploads\/2025\/04\/WhatsApp-Image-2025-03-13-at-19.26.22-2.jpeg 1169w\" sizes=\"auto, (max-width: 793px) 100vw, 793px\" \/><\/figure><div class=\"wp-block-media-text__content\">\n<p><strong>N\u00f3\u017c samoostrz\u0105cy RADEGARD<\/strong> <\/p>\n\n\n\n<p>Zaawansowany n\u00f3\u017c z funkcj\u0105 samoostrzenia, kt\u00f3ry utrzymuje optymaln\u0105 ostro\u015b\u0107 przez ca\u0142y okres u\u017cytkowania. Idealny do intensywnej pracy \u2013 minimalizuje konieczno\u015b\u0107 konserwacji i zapewnia sta\u0142\u0105, wysok\u0105 wydajno\u015b\u0107 ci\u0119cia.<\/p>\n<\/div><\/div>\n<\/details>\n<\/div><\/div>\n\n\n\n<details class=\"wp-block-details is-layout-flow wp-block-details-is-layout-flow\"><summary>Akcesoria zaczepowe do traktork\u00f3w<\/summary>\n<div class=\"wp-block-media-text is-stacked-on-mobile\"><figure class=\"wp-block-media-text__media\"><img loading=\"lazy\" decoding=\"async\" width=\"478\" height=\"1024\" src=\"https:\/\/radegard.com\/\/wp-content\/uploads\/2025\/04\/WhatsApp-Image-2025-03-13-at-19.26.22-3-1-478x1024.jpeg\" alt=\"\" class=\"wp-image-342 size-full\" srcset=\"https:\/\/radegard.com\/wp-content\/uploads\/2025\/04\/WhatsApp-Image-2025-03-13-at-19.26.22-3-1-478x1024.jpeg 478w, https:\/\/radegard.com\/wp-content\/uploads\/2025\/04\/WhatsApp-Image-2025-03-13-at-19.26.22-3-1-140x300.jpeg 140w, https:\/\/radegard.com\/wp-content\/uploads\/2025\/04\/WhatsApp-Image-2025-03-13-at-19.26.22-3-1-717x1536.jpeg 717w, https:\/\/radegard.com\/wp-content\/uploads\/2025\/04\/WhatsApp-Image-2025-03-13-at-19.26.22-3-1.jpeg 747w\" sizes=\"auto, (max-width: 478px) 100vw, 478px\" \/><\/figure><div class=\"wp-block-media-text__content\">\n<p><strong>Hak zaczepowy kulowy RADEGARD<\/strong><\/p>\n\n\n\n<p><strong>Opis:<\/strong><br>Wytrzyma\u0142y hak zaczepowy przeznaczony do mocowania osprz\u0119tu na standardow\u0105 kul\u0119 holownicz\u0105 w traktorkach ogrodowych i komunalnych. Umo\u017cliwia szybkie i bezpieczne pod\u0142\u0105czanie przyczep oraz innych narz\u0119dzi ci\u0105gnionych. Solidna konstrukcja zapewnia niezawodno\u015b\u0107 nawet przy intensywnej eksploatacji.<\/p>\n<\/div><\/div>\n<\/details>\n\n\n\n<div class=\"wp-block-group\"><div class=\"wp-block-group__inner-container is-layout-constrained wp-block-group-is-layout-constrained\">\n<details class=\"wp-block-details is-layout-flow wp-block-details-is-layout-flow\"><summary>Sprz\u0119t do piel\u0119gnacji teren\u00f3w zielonych<\/summary>\n<div class=\"wp-block-media-text is-stacked-on-mobile\"><figure class=\"wp-block-media-text__media\"><img loading=\"lazy\" decoding=\"async\" width=\"824\" height=\"1024\" src=\"https:\/\/radegard.com\/\/wp-content\/uploads\/2025\/04\/WhatsApp-Image-2025-03-13-at-19.26.22-1-1-824x1024.jpeg\" alt=\"\" class=\"wp-image-343 size-full\" srcset=\"https:\/\/radegard.com\/wp-content\/uploads\/2025\/04\/WhatsApp-Image-2025-03-13-at-19.26.22-1-1-824x1024.jpeg 824w, https:\/\/radegard.com\/wp-content\/uploads\/2025\/04\/WhatsApp-Image-2025-03-13-at-19.26.22-1-1-242x300.jpeg 242w, https:\/\/radegard.com\/wp-content\/uploads\/2025\/04\/WhatsApp-Image-2025-03-13-at-19.26.22-1-1-768x954.jpeg 768w, https:\/\/radegard.com\/wp-content\/uploads\/2025\/04\/WhatsApp-Image-2025-03-13-at-19.26.22-1-1-1236x1536.jpeg 1236w, https:\/\/radegard.com\/wp-content\/uploads\/2025\/04\/WhatsApp-Image-2025-03-13-at-19.26.22-1-1.jpeg 1288w\" sizes=\"auto, (max-width: 824px) 100vw, 824px\" \/><\/figure><div class=\"wp-block-media-text__content\">\n<p><strong>Zgrabiarka komunalna RADEGARD XV6<\/strong><\/p>\n\n\n\n<p><strong>Opis:<\/strong><br>Zgrabiarka komunalna RADEGARD XV6 to niezawodny sprz\u0119t przeznaczony do traktork\u00f3w, zaczepiany na kul\u0119 holownicz\u0105. Wyposa\u017cona w 6 gwiazd z pazurami, zapewnia doskona\u0142\u0105 efektywno\u015b\u0107 w zgrabianiu li\u015bci oraz innych odpad\u00f3w ro\u015blinnych. Dzi\u0119ki ci\u0105gni\u0119ciu na ko\u0142ach, urz\u0105dzenie jest \u0142atwe w manewrowaniu, a jego wytrzyma\u0142a konstrukcja gwarantuje niezawodno\u015b\u0107 w trudnych warunkach.<\/p>\n\n\n\n<p>Dodatkowo, z\u0119by gwiazd skutecznie wertykuluj\u0105 teren, delikatnie wbijaj\u0105c si\u0119 w gleb\u0119 i poprawiaj\u0105c jej struktury, co czyni RADEGARD XV6 idealnym narz\u0119dziem do kompleksowej piel\u0119gnacji ogrod\u00f3w i teren\u00f3w zielonych. Idealna do u\u017cytku w sektorze komunalnym i ogrodniczym, gdzie liczy si\u0119 zar\u00f3wno efektywno\u015b\u0107, jak i trwa\u0142o\u015b\u0107.<\/p>\n\n\n\n<p>Zgrabiarka RADEGARD XV6 oferuje elastyczno\u015b\u0107 w ustawieniu element\u00f3w roboczych. Mo\u017cna j\u0105 skonfigurowa\u0107 w kszta\u0142cie litery \u201eV\u201d, co pozwala na zbieranie pokosu do \u015brodka, lub ustawi\u0107 j\u0105 do pracy po prawej stronie, gdzie wszystkie 6 wirnik\u00f3w r\u00f3wnomiernie zgrabi\u0105 materia\u0142 na praw\u0105 stron\u0119 traktorka. Ta wszechstronno\u015b\u0107 zapewnia optymalne rozrzucenie materia\u0142u, dostosowane do r\u00f3\u017cnych warunk\u00f3w pracy.<\/p>\n\n\n\n<p>Dzi\u0119ki tej zgrabiarkie, mo\u017cesz jednocze\u015bnie zadba\u0107 o estetyk\u0119 terenu (zgrabianie li\u015bci) oraz popraw\u0119 jako\u015bci gleby (wertykulacja).<\/p>\n\n\n\n<figure class=\"wp-block-gallery has-nested-images columns-default is-cropped wp-block-gallery-2 is-layout-flex wp-block-gallery-is-layout-flex\">\n<figure class=\"wp-block-image size-large\"><img loading=\"lazy\" decoding=\"async\" width=\"478\" height=\"1024\" data-id=\"443\" src=\"https:\/\/radegard.com\/www\/wp-content\/uploads\/2025\/05\/RADEGARD-XV6.3-478x1024.jpeg\" alt=\"\" class=\"wp-image-443\" srcset=\"https:\/\/radegard.com\/wp-content\/uploads\/2025\/05\/RADEGARD-XV6.3-478x1024.jpeg 478w, https:\/\/radegard.com\/wp-content\/uploads\/2025\/05\/RADEGARD-XV6.3-140x300.jpeg 140w, https:\/\/radegard.com\/wp-content\/uploads\/2025\/05\/RADEGARD-XV6.3-717x1536.jpeg 717w, https:\/\/radegard.com\/wp-content\/uploads\/2025\/05\/RADEGARD-XV6.3.jpeg 747w\" sizes=\"auto, (max-width: 478px) 100vw, 478px\" \/><\/figure>\n\n\n\n<figure class=\"wp-block-image size-large\"><img loading=\"lazy\" decoding=\"async\" width=\"478\" height=\"1024\" data-id=\"444\" src=\"https:\/\/radegard.com\/www\/wp-content\/uploads\/2025\/05\/RADEGARD-XV6-478x1024.jpeg\" alt=\"\" class=\"wp-image-444\" srcset=\"https:\/\/radegard.com\/wp-content\/uploads\/2025\/05\/RADEGARD-XV6-478x1024.jpeg 478w, https:\/\/radegard.com\/wp-content\/uploads\/2025\/05\/RADEGARD-XV6-140x300.jpeg 140w, https:\/\/radegard.com\/wp-content\/uploads\/2025\/05\/RADEGARD-XV6-717x1536.jpeg 717w, https:\/\/radegard.com\/wp-content\/uploads\/2025\/05\/RADEGARD-XV6.jpeg 747w\" sizes=\"auto, (max-width: 478px) 100vw, 478px\" \/><\/figure>\n\n\n\n<figure class=\"wp-block-image size-large\"><img loading=\"lazy\" decoding=\"async\" width=\"781\" height=\"1024\" data-id=\"441\" src=\"https:\/\/radegard.com\/www\/wp-content\/uploads\/2025\/05\/RADEGARD-XV6.1-781x1024.jpeg\" alt=\"\" class=\"wp-image-441\" srcset=\"https:\/\/radegard.com\/wp-content\/uploads\/2025\/05\/RADEGARD-XV6.1-781x1024.jpeg 781w, https:\/\/radegard.com\/wp-content\/uploads\/2025\/05\/RADEGARD-XV6.1-229x300.jpeg 229w, https:\/\/radegard.com\/wp-content\/uploads\/2025\/05\/RADEGARD-XV6.1-768x1006.jpeg 768w, https:\/\/radegard.com\/wp-content\/uploads\/2025\/05\/RADEGARD-XV6.1-1172x1536.jpeg 1172w, https:\/\/radegard.com\/wp-content\/uploads\/2025\/05\/RADEGARD-XV6.1.jpeg 1221w\" sizes=\"auto, (max-width: 781px) 100vw, 781px\" \/><\/figure>\n\n\n\n<figure class=\"wp-block-image size-large\"><img loading=\"lazy\" decoding=\"async\" width=\"478\" height=\"1024\" data-id=\"442\" src=\"https:\/\/radegard.com\/www\/wp-content\/uploads\/2025\/05\/RADEGARD-XV6.2-478x1024.jpeg\" alt=\"\" class=\"wp-image-442\" srcset=\"https:\/\/radegard.com\/wp-content\/uploads\/2025\/05\/RADEGARD-XV6.2-478x1024.jpeg 478w, https:\/\/radegard.com\/wp-content\/uploads\/2025\/05\/RADEGARD-XV6.2-140x300.jpeg 140w, https:\/\/radegard.com\/wp-content\/uploads\/2025\/05\/RADEGARD-XV6.2-717x1536.jpeg 717w, https:\/\/radegard.com\/wp-content\/uploads\/2025\/05\/RADEGARD-XV6.2.jpeg 747w\" sizes=\"auto, (max-width: 478px) 100vw, 478px\" \/><\/figure>\n<\/figure>\n\n\n\n<figure class=\"wp-block-video\"><video height=\"1280\" style=\"aspect-ratio: 720 \/ 1280;\" width=\"720\" controls src=\"https:\/\/radegard.com\/www\/wp-content\/uploads\/2025\/05\/Zgrabiarka-XV6-Radegard.mp4\"><\/video><\/figure>\n<\/div><\/div>\n<\/details>\n<\/div><\/div>\n\n\n\n<details class=\"wp-block-details is-layout-flow wp-block-details-is-layout-flow\"><summary>Akcesoria do rozrzucania materia\u0142u<\/summary>\n<div class=\"wp-block-media-text is-stacked-on-mobile\"><figure class=\"wp-block-media-text__media\"><img loading=\"lazy\" decoding=\"async\" width=\"478\" height=\"1024\" src=\"https:\/\/radegard.com\/\/wp-content\/uploads\/2025\/04\/WhatsApp-Image-2025-04-30-at-07.38.46-478x1024.jpeg\" alt=\"\" class=\"wp-image-344 size-full\" srcset=\"https:\/\/radegard.com\/wp-content\/uploads\/2025\/04\/WhatsApp-Image-2025-04-30-at-07.38.46-478x1024.jpeg 478w, https:\/\/radegard.com\/wp-content\/uploads\/2025\/04\/WhatsApp-Image-2025-04-30-at-07.38.46-140x300.jpeg 140w, https:\/\/radegard.com\/wp-content\/uploads\/2025\/04\/WhatsApp-Image-2025-04-30-at-07.38.46-717x1536.jpeg 717w, https:\/\/radegard.com\/wp-content\/uploads\/2025\/04\/WhatsApp-Image-2025-04-30-at-07.38.46.jpeg 747w\" sizes=\"auto, (max-width: 478px) 100vw, 478px\" \/><\/figure><div class=\"wp-block-media-text__content\">\n<p><strong>Kierownica pokosu<\/strong><\/p>\n\n\n\n<p><strong>RADEGARD<\/strong> <strong>ClearCast<\/strong><\/p>\n\n\n\n<p><strong>Opis:<\/strong><br>Kierownica pokosu <strong>ClearCast<\/strong> to innowacyjne rozwi\u0105zanie montowane zamiast standardowego kosza na traw\u0119 w traktorkach ogrodowych. Dzi\u0119ki jej zastosowaniu, materia\u0142 (np. skoszon\u0105 traw\u0119) jest r\u00f3wnomiernie rozrzucany na szeroko\u015b\u0107 robocz\u0105 traktorka, co pozwala na efektywne pokrycie wi\u0119kszego obszaru w kr\u00f3tszym czasie. Idealna do u\u017cytku na du\u017cych powierzchniach, gdzie nie ma potrzeby zbierania skoszonej trawy, a jej r\u00f3wnomierne rozrzucenie jest wystarczaj\u0105ce.<\/p>\n\n\n\n<p>Kierownica pokosu umo\u017cliwia szybkie i bezproblemowe zako\u0144czenie pracy, zapewniaj\u0105c r\u00f3wnocze\u015bnie estetyczny wygl\u0105d terenu. Dzi\u0119ki prostej konstrukcji i \u0142atwemu monta\u017cowi, jest to doskona\u0142e rozwi\u0105zanie dla ka\u017cdego, kto chce zwi\u0119kszy\u0107 wydajno\u015b\u0107 pracy z traktorkiem ogrodowym.<\/p>\n\n\n\n<figure class=\"wp-block-video\"><video height=\"1280\" style=\"aspect-ratio: 720 \/ 1280;\" width=\"720\" controls src=\"https:\/\/radegard.com\/www\/wp-content\/uploads\/2025\/05\/Kierownica-wyrzutu.mp4\"><\/video><\/figure>\n\n\n\n<figure class=\"wp-block-gallery has-nested-images columns-default is-cropped wp-block-gallery-3 is-layout-flex wp-block-gallery-is-layout-flex\">\n<figure class=\"wp-block-image size-large\"><img loading=\"lazy\" decoding=\"async\" width=\"614\" height=\"1024\" data-id=\"434\" src=\"https:\/\/radegard.com\/www\/wp-content\/uploads\/2025\/05\/Kierownica-wyrzutu-RADEGARD-614x1024.jpeg\" alt=\"\" class=\"wp-image-434\" srcset=\"https:\/\/radegard.com\/wp-content\/uploads\/2025\/05\/Kierownica-wyrzutu-RADEGARD-614x1024.jpeg 614w, https:\/\/radegard.com\/wp-content\/uploads\/2025\/05\/Kierownica-wyrzutu-RADEGARD-180x300.jpeg 180w, https:\/\/radegard.com\/wp-content\/uploads\/2025\/05\/Kierownica-wyrzutu-RADEGARD-768x1281.jpeg 768w, https:\/\/radegard.com\/wp-content\/uploads\/2025\/05\/Kierownica-wyrzutu-RADEGARD.jpeg 844w\" sizes=\"auto, (max-width: 614px) 100vw, 614px\" \/><\/figure>\n\n\n\n<figure class=\"wp-block-image size-large\"><img loading=\"lazy\" decoding=\"async\" width=\"478\" height=\"1024\" data-id=\"435\" src=\"https:\/\/radegard.com\/www\/wp-content\/uploads\/2025\/05\/Kierownica-wyrzutu-RADEGARD2-478x1024.jpeg\" alt=\"\" class=\"wp-image-435\" srcset=\"https:\/\/radegard.com\/wp-content\/uploads\/2025\/05\/Kierownica-wyrzutu-RADEGARD2-478x1024.jpeg 478w, https:\/\/radegard.com\/wp-content\/uploads\/2025\/05\/Kierownica-wyrzutu-RADEGARD2-140x300.jpeg 140w, https:\/\/radegard.com\/wp-content\/uploads\/2025\/05\/Kierownica-wyrzutu-RADEGARD2-717x1536.jpeg 717w, https:\/\/radegard.com\/wp-content\/uploads\/2025\/05\/Kierownica-wyrzutu-RADEGARD2.jpeg 747w\" sizes=\"auto, (max-width: 478px) 100vw, 478px\" \/><\/figure>\n\n\n\n<figure class=\"wp-block-image size-large\"><img loading=\"lazy\" decoding=\"async\" width=\"478\" height=\"1024\" data-id=\"433\" src=\"https:\/\/radegard.com\/www\/wp-content\/uploads\/2025\/05\/Kierownica-wyrzutu-RADEGARD3-478x1024.jpeg\" alt=\"\" class=\"wp-image-433\" srcset=\"https:\/\/radegard.com\/wp-content\/uploads\/2025\/05\/Kierownica-wyrzutu-RADEGARD3-478x1024.jpeg 478w, https:\/\/radegard.com\/wp-content\/uploads\/2025\/05\/Kierownica-wyrzutu-RADEGARD3-140x300.jpeg 140w, https:\/\/radegard.com\/wp-content\/uploads\/2025\/05\/Kierownica-wyrzutu-RADEGARD3-717x1536.jpeg 717w, https:\/\/radegard.com\/wp-content\/uploads\/2025\/05\/Kierownica-wyrzutu-RADEGARD3.jpeg 747w\" sizes=\"auto, (max-width: 478px) 100vw, 478px\" \/><\/figure>\n\n\n\n<figure class=\"wp-block-image size-large\"><img loading=\"lazy\" decoding=\"async\" width=\"478\" height=\"1024\" data-id=\"436\" src=\"https:\/\/radegard.com\/www\/wp-content\/uploads\/2025\/05\/Kierownica-wyrzutu-RADEGARD4-478x1024.jpeg\" alt=\"\" class=\"wp-image-436\" srcset=\"https:\/\/radegard.com\/wp-content\/uploads\/2025\/05\/Kierownica-wyrzutu-RADEGARD4-478x1024.jpeg 478w, https:\/\/radegard.com\/wp-content\/uploads\/2025\/05\/Kierownica-wyrzutu-RADEGARD4-140x300.jpeg 140w, https:\/\/radegard.com\/wp-content\/uploads\/2025\/05\/Kierownica-wyrzutu-RADEGARD4-717x1536.jpeg 717w, https:\/\/radegard.com\/wp-content\/uploads\/2025\/05\/Kierownica-wyrzutu-RADEGARD4.jpeg 747w\" sizes=\"auto, (max-width: 478px) 100vw, 478px\" \/><\/figure>\n\n\n\n<figure class=\"wp-block-image size-large\"><img loading=\"lazy\" decoding=\"async\" width=\"478\" height=\"1024\" data-id=\"437\" src=\"https:\/\/radegard.com\/www\/wp-content\/uploads\/2025\/05\/Kierownica-wyrzutu-RADEGARD5-478x1024.jpeg\" alt=\"\" class=\"wp-image-437\" srcset=\"https:\/\/radegard.com\/wp-content\/uploads\/2025\/05\/Kierownica-wyrzutu-RADEGARD5-478x1024.jpeg 478w, https:\/\/radegard.com\/wp-content\/uploads\/2025\/05\/Kierownica-wyrzutu-RADEGARD5-140x300.jpeg 140w, https:\/\/radegard.com\/wp-content\/uploads\/2025\/05\/Kierownica-wyrzutu-RADEGARD5-717x1536.jpeg 717w, https:\/\/radegard.com\/wp-content\/uploads\/2025\/05\/Kierownica-wyrzutu-RADEGARD5.jpeg 747w\" sizes=\"auto, (max-width: 478px) 100vw, 478px\" \/><\/figure>\n<\/figure>\n<\/div><\/div>\n<\/details>\n","protected":false},"excerpt":{"rendered":"","protected":false},"author":1,"featured_media":0,"parent":0,"menu_order":0,"comment_status":"closed","ping_status":"closed","template":"","meta":{"footnotes":""},"class_list":["post-95","page","type-page","status-publish","czr-hentry"],"_links":{"self":[{"href":"https:\/\/radegard.com\/index.php\/wp-json\/wp\/v2\/pages\/95","targetHints":{"allow":["GET"]}}],"collection":[{"href":"https:\/\/radegard.com\/index.php\/wp-json\/wp\/v2\/pages"}],"about":[{"href":"https:\/\/radegard.com\/index.php\/wp-json\/wp\/v2\/types\/page"}],"author":[{"embeddable":true,"href":"https:\/\/radegard.com\/index.php\/wp-json\/wp\/v2\/users\/1"}],"replies":[{"embeddable":true,"href":"https:\/\/radegard.com\/index.php\/wp-json\/wp\/v2\/comments?post=95"}],"version-history":[{"count":21,"href":"https:\/\/radegard.com\/index.php\/wp-json\/wp\/v2\/pages\/95\/revisions"}],"predecessor-version":[{"id":449,"href":"https:\/\/radegard.com\/index.php\/wp-json\/wp\/v2\/pages\/95\/revisions\/449"}],"wp:attachment":[{"href":"https:\/\/radegard.com\/index.php\/wp-json\/wp\/v2\/media?parent=95"}],"curies":[{"name":"wp","href":"https:\/\/api.w.org\/{rel}","templated":true}]}}